{"id":551,"date":"2020-04-09T08:56:01","date_gmt":"2020-04-09T06:56:01","guid":{"rendered":"https:\/\/fanprojekt-oldenburg.de\/?page_id=551"},"modified":"2026-03-12T14:50:34","modified_gmt":"2026-03-12T13:50:34","slug":"team","status":"publish","type":"page","link":"https:\/\/fanprojekt-oldenburg.de\/?page_id=551","title":{"rendered":"Team"},"content":{"rendered":"\t\t<div data-elementor-type=\"wp-page\" data-elementor-id=\"551\" class=\"elementor elementor-551\" data-elementor-post-type=\"page\">\n\t\t\t\t\t\t<section class=\"elementor-section elementor-top-section elementor-element elementor-element-587e8fb elementor-section-boxed elementor-section-height-default elementor-section-height-default\" data-id=\"587e8fb\" data-element_type=\"section\" data-e-type=\"section\">\n\t\t\t\t\t\t<div class=\"elementor-container elementor-column-gap-default\">\n\t\t\t\t\t<div class=\"elementor-column elementor-col-50 elementor-top-column elementor-element elementor-element-88185f4\" data-id=\"88185f4\" data-element_type=\"column\" data-e-type=\"column\">\n\t\t\t<div class=\"elementor-widget-wrap elementor-element-populated\">\n\t\t\t\t\t\t<div data-dce-advanced-background-color=\"#FFFFFF\" class=\"elementor-element elementor-element-935b400 elementor-widget elementor-widget-heading\" data-id=\"935b400\" data-element_type=\"widget\" data-e-type=\"widget\" data-widget_type=\"heading.default\">\n\t\t\t\t<div class=\"elementor-widget-container\">\n\t\t\t\t\t<h2 class=\"elementor-heading-title elementor-size-default\">Nils Wach<\/h2>\t\t\t\t<\/div>\n\t\t\t\t<\/div>\n\t\t\t\t<div data-dce-advanced-background-color=\"#FFFFFF\" class=\"elementor-element elementor-element-1c57d55 elementor-widget elementor-widget-text-editor\" data-id=\"1c57d55\" data-element_type=\"widget\" data-e-type=\"widget\" data-widget_type=\"text-editor.default\">\n\t\t\t\t<div class=\"elementor-widget-container\">\n\t\t\t\t\t\t\t\t\t<p>Nils Wach arbeitet seit dem 01. Juni 2019 im Fanprojekt Oldenburg.<\/p><p>Der studierte P\u00e4dagoge (B.A.) hat vorher in der Fl\u00fcchtlingshilfe, station\u00e4ren Jugendhilfe und als Internatsleiter bei Eintracht Braunschweig gearbeitet. Neben dem Studium hat er auch Erfahrung im Bereich der Erlebnis- und Sportp\u00e4dagogik sammeln k\u00f6nnen.<\/p><p>Schon von klein auf ist er aktiver Fu\u00dfballer, probiert sich aber auch gerne in anderen Sportarten aus. <br \/>Ansonsten ist er ein Familienvater durch und durch.\u00a0<\/p>\t\t\t\t\t\t\t\t<\/div>\n\t\t\t\t<\/div>\n\t\t\t\t\t<\/div>\n\t\t<\/div>\n\t\t\t\t<div class=\"elementor-column elementor-col-50 elementor-top-column elementor-element elementor-element-e0d85a7\" data-id=\"e0d85a7\" data-element_type=\"column\" data-e-type=\"column\">\n\t\t\t<div class=\"elementor-widget-wrap elementor-element-populated\">\n\t\t\t\t\t\t<div class=\"elementor-element elementor-element-52cd5d0 dce_masking-none elementor-widget elementor-widget-image\" data-id=\"52cd5d0\" data-element_type=\"widget\" data-e-type=\"widget\" data-widget_type=\"image.default\">\n\t\t\t\t<div class=\"elementor-widget-container\">\n\t\t\t\t\t\t\t\t\t\t\t\t\t\t\t<img decoding=\"async\" src=\"https:\/\/fanprojekt-oldenburg.de\/wp-content\/uploads\/elementor\/thumbs\/Nils-2024-rkehififs3hze1uhvf8zobyt5ek3z6e4z2b08d6izk.jpg\" title=\"Nils 2024\" alt=\"Nils 2024\" loading=\"lazy\" \/>\t\t\t\t\t\t\t\t\t\t\t\t\t\t\t<\/div>\n\t\t\t\t<\/div>\n\t\t\t\t\t<\/div>\n\t\t<\/div>\n\t\t\t\t\t<\/div>\n\t\t<\/section>\n\t\t\t\t<section class=\"elementor-section elementor-top-section elementor-element elementor-element-299b7c6 elementor-section-boxed elementor-section-height-default elementor-section-height-default\" data-id=\"299b7c6\" data-element_type=\"section\" data-e-type=\"section\">\n\t\t\t\t\t\t<div class=\"elementor-container elementor-column-gap-default\">\n\t\t\t\t\t<div class=\"elementor-column elementor-col-33 elementor-top-column elementor-element elementor-element-0ca58ac\" data-id=\"0ca58ac\" data-element_type=\"column\" data-e-type=\"column\">\n\t\t\t<div class=\"elementor-widget-wrap elementor-element-populated\">\n\t\t\t\t\t\t<div class=\"elementor-element elementor-element-a344653 dce_masking-none elementor-widget elementor-widget-image\" data-id=\"a344653\" data-element_type=\"widget\" data-e-type=\"widget\" data-widget_type=\"image.default\">\n\t\t\t\t<div class=\"elementor-widget-container\">\n\t\t\t\t\t\t\t\t\t\t\t\t\t\t\t<img fetchpriority=\"high\" decoding=\"async\" width=\"682\" height=\"1024\" src=\"https:\/\/fanprojekt-oldenburg.de\/wp-content\/uploads\/2026\/03\/Svenja-2024-682x1024.jpg\" class=\"attachment-large size-large wp-image-4189\" alt=\"\" srcset=\"https:\/\/fanprojekt-oldenburg.de\/wp-content\/uploads\/2026\/03\/Svenja-2024-682x1024.jpg 682w, https:\/\/fanprojekt-oldenburg.de\/wp-content\/uploads\/2026\/03\/Svenja-2024-200x300.jpg 200w, https:\/\/fanprojekt-oldenburg.de\/wp-content\/uploads\/2026\/03\/Svenja-2024-768x1153.jpg 768w, https:\/\/fanprojekt-oldenburg.de\/wp-content\/uploads\/2026\/03\/Svenja-2024-1023x1536.jpg 1023w, https:\/\/fanprojekt-oldenburg.de\/wp-content\/uploads\/2026\/03\/Svenja-2024.jpg 1200w\" sizes=\"(max-width: 682px) 100vw, 682px\" \/>\t\t\t\t\t\t\t\t\t\t\t\t\t\t\t<\/div>\n\t\t\t\t<\/div>\n\t\t\t\t\t<\/div>\n\t\t<\/div>\n\t\t\t\t<div class=\"elementor-column elementor-col-66 elementor-top-column elementor-element elementor-element-116b803\" data-id=\"116b803\" data-element_type=\"column\" data-e-type=\"column\">\n\t\t\t<div class=\"elementor-widget-wrap elementor-element-populated\">\n\t\t\t\t\t\t<div class=\"elementor-element elementor-element-3607ee3 elementor-widget elementor-widget-heading\" data-id=\"3607ee3\" data-element_type=\"widget\" data-e-type=\"widget\" data-widget_type=\"heading.default\">\n\t\t\t\t<div class=\"elementor-widget-container\">\n\t\t\t\t\t<h2 class=\"elementor-heading-title elementor-size-default\">Svenja Teebken<\/h2>\t\t\t\t<\/div>\n\t\t\t\t<\/div>\n\t\t\t\t<div class=\"elementor-element elementor-element-d203748 elementor-widget elementor-widget-text-editor\" data-id=\"d203748\" data-element_type=\"widget\" data-e-type=\"widget\" data-widget_type=\"text-editor.default\">\n\t\t\t\t<div class=\"elementor-widget-container\">\n\t\t\t\t\t\t\t\t\t<p style=\"text-align: left;\">Svenja Teebken arbeitet seit dem 01. Februar 2022 im Fanprojekt Oldenburg. <br \/>Seit M\u00e4rz 2023 ist sie zudem Nordverbundsprecherin der BAG der Fanprojekte.<\/p><p style=\"text-align: left;\">Die studierte und staatlich anerkannte Sozialarbeiterin (B.A.) hat vorher in der Eingliederungshilfe, der Schulsozialarbeit, der M\u00e4dchenarbeit, der Familienhilfe, mit jungen Gefl\u00fcchteten sowie in der mobilen und offenen Jugendarbeit gearbeitet.<\/p><p style=\"text-align: left;\">Als Jugendliche spielte sie im Verein Fu\u00dfball und ist seitdem sportlich vielseitig interessiert und aktiv. <br \/>Daneben d\u00fcrfen bei ihr Musik und Zeit mit Freunden im Alltag nicht fehlen.<\/p>\t\t\t\t\t\t\t\t<\/div>\n\t\t\t\t<\/div>\n\t\t\t\t\t<\/div>\n\t\t<\/div>\n\t\t\t\t\t<\/div>\n\t\t<\/section>\n\t\t\t\t<\/div>\n\t\t","protected":false},"excerpt":{"rendered":"<p>Nils Wach Nils Wach arbeitet seit dem 01. Juni 2019 im Fanprojekt Oldenburg. Der studierte P\u00e4dagoge (B.A.) hat vorher in der Fl\u00fcchtlingshilfe, station\u00e4ren Jugendhilfe und als Internatsleiter bei Eintracht Braunschweig gearbeitet. Neben dem Studium hat er auch Erfahrung im Bereich der Erlebnis- und Sportp\u00e4dagogik sammeln k\u00f6nnen. Schon von klein auf ist er aktiver Fu\u00dfballer, probiert [&hellip;]<\/p>\n","protected":false},"author":1,"featured_media":0,"parent":0,"menu_order":0,"comment_status":"closed","ping_status":"closed","template":"","meta":{"_acf_changed":false,"footnotes":""},"class_list":["post-551","page","type-page","status-publish","hentry"],"acf":[],"yoast_head":"<!-- This site is optimized with the Yoast SEO plugin v27.4 - https:\/\/yoast.com\/product\/yoast-seo-wordpress\/ -->\n<title>Team &#8212; Fanprojekt Oldenburg<\/title>\n<meta name=\"robots\" content=\"index, follow, max-snippet:-1, max-image-preview:large, max-video-preview:-1\" \/>\n<link rel=\"canonical\" href=\"https:\/\/fanprojekt-oldenburg.de\/?page_id=551\" \/>\n<meta property=\"og:locale\" content=\"de_DE\" \/>\n<meta property=\"og:type\" content=\"article\" \/>\n<meta property=\"og:title\" content=\"Team &#8212; Fanprojekt Oldenburg\" \/>\n<meta property=\"og:description\" content=\"Nils Wach Nils Wach arbeitet seit dem 01. Juni 2019 im Fanprojekt Oldenburg. Der studierte P\u00e4dagoge (B.A.) hat vorher in der Fl\u00fcchtlingshilfe, station\u00e4ren Jugendhilfe und als Internatsleiter bei Eintracht Braunschweig gearbeitet. Neben dem Studium hat er auch Erfahrung im Bereich der Erlebnis- und Sportp\u00e4dagogik sammeln k\u00f6nnen. Schon von klein auf ist er aktiver Fu\u00dfballer, probiert [&hellip;]\" \/>\n<meta property=\"og:url\" content=\"https:\/\/fanprojekt-oldenburg.de\/?page_id=551\" \/>\n<meta property=\"og:site_name\" content=\"Fanprojekt Oldenburg\" \/>\n<meta property=\"article:modified_time\" content=\"2026-03-12T13:50:34+00:00\" \/>\n<meta property=\"og:image\" content=\"https:\/\/fanprojekt-oldenburg.de\/wp-content\/uploads\/elementor\/thumbs\/Nils-2024-rkehififs3hze1uhvf8zobyt5ek3z6e4z2b08d6izk.jpg\" \/>\n<meta name=\"twitter:card\" content=\"summary_large_image\" \/>\n<meta name=\"twitter:label1\" content=\"Gesch\u00e4tzte Lesezeit\" \/>\n\t<meta name=\"twitter:data1\" content=\"2\u00a0Minuten\" \/>\n<script type=\"application\/ld+json\" class=\"yoast-schema-graph\">{\"@context\":\"https:\\\/\\\/schema.org\",\"@graph\":[{\"@type\":\"WebPage\",\"@id\":\"https:\\\/\\\/fanprojekt-oldenburg.de\\\/?page_id=551\",\"url\":\"https:\\\/\\\/fanprojekt-oldenburg.de\\\/?page_id=551\",\"name\":\"Team &#8212; Fanprojekt Oldenburg\",\"isPartOf\":{\"@id\":\"https:\\\/\\\/fanprojekt-oldenburg.de\\\/#website\"},\"primaryImageOfPage\":{\"@id\":\"https:\\\/\\\/fanprojekt-oldenburg.de\\\/?page_id=551#primaryimage\"},\"image\":{\"@id\":\"https:\\\/\\\/fanprojekt-oldenburg.de\\\/?page_id=551#primaryimage\"},\"thumbnailUrl\":\"https:\\\/\\\/fanprojekt-oldenburg.de\\\/wp-content\\\/uploads\\\/elementor\\\/thumbs\\\/Nils-2024-rkehififs3hze1uhvf8zobyt5ek3z6e4z2b08d6izk.jpg\",\"datePublished\":\"2020-04-09T06:56:01+00:00\",\"dateModified\":\"2026-03-12T13:50:34+00:00\",\"breadcrumb\":{\"@id\":\"https:\\\/\\\/fanprojekt-oldenburg.de\\\/?page_id=551#breadcrumb\"},\"inLanguage\":\"de\",\"potentialAction\":[{\"@type\":\"ReadAction\",\"target\":[\"https:\\\/\\\/fanprojekt-oldenburg.de\\\/?page_id=551\"]}]},{\"@type\":\"ImageObject\",\"inLanguage\":\"de\",\"@id\":\"https:\\\/\\\/fanprojekt-oldenburg.de\\\/?page_id=551#primaryimage\",\"url\":\"https:\\\/\\\/fanprojekt-oldenburg.de\\\/wp-content\\\/uploads\\\/elementor\\\/thumbs\\\/Nils-2024-rkehififs3hze1uhvf8zobyt5ek3z6e4z2b08d6izk.jpg\",\"contentUrl\":\"https:\\\/\\\/fanprojekt-oldenburg.de\\\/wp-content\\\/uploads\\\/elementor\\\/thumbs\\\/Nils-2024-rkehififs3hze1uhvf8zobyt5ek3z6e4z2b08d6izk.jpg\"},{\"@type\":\"BreadcrumbList\",\"@id\":\"https:\\\/\\\/fanprojekt-oldenburg.de\\\/?page_id=551#breadcrumb\",\"itemListElement\":[{\"@type\":\"ListItem\",\"position\":1,\"name\":\"Startseite\",\"item\":\"https:\\\/\\\/fanprojekt-oldenburg.de\\\/\"},{\"@type\":\"ListItem\",\"position\":2,\"name\":\"Team\"}]},{\"@type\":\"WebSite\",\"@id\":\"https:\\\/\\\/fanprojekt-oldenburg.de\\\/#website\",\"url\":\"https:\\\/\\\/fanprojekt-oldenburg.de\\\/\",\"name\":\"Fanprojekt Oldenburg\",\"description\":\"Soziale Arbeit mit Fu\u00dfballfans in Oldenburg\",\"publisher\":{\"@id\":\"https:\\\/\\\/fanprojekt-oldenburg.de\\\/#organization\"},\"potentialAction\":[{\"@type\":\"SearchAction\",\"target\":{\"@type\":\"EntryPoint\",\"urlTemplate\":\"https:\\\/\\\/fanprojekt-oldenburg.de\\\/?s={search_term_string}\"},\"query-input\":{\"@type\":\"PropertyValueSpecification\",\"valueRequired\":true,\"valueName\":\"search_term_string\"}}],\"inLanguage\":\"de\"},{\"@type\":\"Organization\",\"@id\":\"https:\\\/\\\/fanprojekt-oldenburg.de\\\/#organization\",\"name\":\"Fanprojekt Oldenburg\",\"url\":\"https:\\\/\\\/fanprojekt-oldenburg.de\\\/\",\"logo\":{\"@type\":\"ImageObject\",\"inLanguage\":\"de\",\"@id\":\"https:\\\/\\\/fanprojekt-oldenburg.de\\\/#\\\/schema\\\/logo\\\/image\\\/\",\"url\":\"https:\\\/\\\/fanprojekt-oldenburg.de\\\/wp-content\\\/uploads\\\/2020\\\/09\\\/apple-touch-icon.png\",\"contentUrl\":\"https:\\\/\\\/fanprojekt-oldenburg.de\\\/wp-content\\\/uploads\\\/2020\\\/09\\\/apple-touch-icon.png\",\"width\":512,\"height\":512,\"caption\":\"Fanprojekt Oldenburg\"},\"image\":{\"@id\":\"https:\\\/\\\/fanprojekt-oldenburg.de\\\/#\\\/schema\\\/logo\\\/image\\\/\"},\"sameAs\":[\"https:\\\/\\\/www.instagram.com\\\/fanprojekt_oldenburg\\\/\"]}]}<\/script>\n<!-- \/ Yoast SEO plugin. -->","yoast_head_json":{"title":"Team &#8212; Fanprojekt Oldenburg","robots":{"index":"index","follow":"follow","max-snippet":"max-snippet:-1","max-image-preview":"max-image-preview:large","max-video-preview":"max-video-preview:-1"},"canonical":"https:\/\/fanprojekt-oldenburg.de\/?page_id=551","og_locale":"de_DE","og_type":"article","og_title":"Team &#8212; Fanprojekt Oldenburg","og_description":"Nils Wach Nils Wach arbeitet seit dem 01. Juni 2019 im Fanprojekt Oldenburg. Der studierte P\u00e4dagoge (B.A.) hat vorher in der Fl\u00fcchtlingshilfe, station\u00e4ren Jugendhilfe und als Internatsleiter bei Eintracht Braunschweig gearbeitet. Neben dem Studium hat er auch Erfahrung im Bereich der Erlebnis- und Sportp\u00e4dagogik sammeln k\u00f6nnen. Schon von klein auf ist er aktiver Fu\u00dfballer, probiert [&hellip;]","og_url":"https:\/\/fanprojekt-oldenburg.de\/?page_id=551","og_site_name":"Fanprojekt Oldenburg","article_modified_time":"2026-03-12T13:50:34+00:00","og_image":[{"url":"https:\/\/fanprojekt-oldenburg.de\/wp-content\/uploads\/elementor\/thumbs\/Nils-2024-rkehififs3hze1uhvf8zobyt5ek3z6e4z2b08d6izk.jpg","type":"","width":"","height":""}],"twitter_card":"summary_large_image","twitter_misc":{"Gesch\u00e4tzte Lesezeit":"2\u00a0Minuten"},"schema":{"@context":"https:\/\/schema.org","@graph":[{"@type":"WebPage","@id":"https:\/\/fanprojekt-oldenburg.de\/?page_id=551","url":"https:\/\/fanprojekt-oldenburg.de\/?page_id=551","name":"Team &#8212; Fanprojekt Oldenburg","isPartOf":{"@id":"https:\/\/fanprojekt-oldenburg.de\/#website"},"primaryImageOfPage":{"@id":"https:\/\/fanprojekt-oldenburg.de\/?page_id=551#primaryimage"},"image":{"@id":"https:\/\/fanprojekt-oldenburg.de\/?page_id=551#primaryimage"},"thumbnailUrl":"https:\/\/fanprojekt-oldenburg.de\/wp-content\/uploads\/elementor\/thumbs\/Nils-2024-rkehififs3hze1uhvf8zobyt5ek3z6e4z2b08d6izk.jpg","datePublished":"2020-04-09T06:56:01+00:00","dateModified":"2026-03-12T13:50:34+00:00","breadcrumb":{"@id":"https:\/\/fanprojekt-oldenburg.de\/?page_id=551#breadcrumb"},"inLanguage":"de","potentialAction":[{"@type":"ReadAction","target":["https:\/\/fanprojekt-oldenburg.de\/?page_id=551"]}]},{"@type":"ImageObject","inLanguage":"de","@id":"https:\/\/fanprojekt-oldenburg.de\/?page_id=551#primaryimage","url":"https:\/\/fanprojekt-oldenburg.de\/wp-content\/uploads\/elementor\/thumbs\/Nils-2024-rkehififs3hze1uhvf8zobyt5ek3z6e4z2b08d6izk.jpg","contentUrl":"https:\/\/fanprojekt-oldenburg.de\/wp-content\/uploads\/elementor\/thumbs\/Nils-2024-rkehififs3hze1uhvf8zobyt5ek3z6e4z2b08d6izk.jpg"},{"@type":"BreadcrumbList","@id":"https:\/\/fanprojekt-oldenburg.de\/?page_id=551#breadcrumb","itemListElement":[{"@type":"ListItem","position":1,"name":"Startseite","item":"https:\/\/fanprojekt-oldenburg.de\/"},{"@type":"ListItem","position":2,"name":"Team"}]},{"@type":"WebSite","@id":"https:\/\/fanprojekt-oldenburg.de\/#website","url":"https:\/\/fanprojekt-oldenburg.de\/","name":"Fanprojekt Oldenburg","description":"Soziale Arbeit mit Fu\u00dfballfans in Oldenburg","publisher":{"@id":"https:\/\/fanprojekt-oldenburg.de\/#organization"},"potentialAction":[{"@type":"SearchAction","target":{"@type":"EntryPoint","urlTemplate":"https:\/\/fanprojekt-oldenburg.de\/?s={search_term_string}"},"query-input":{"@type":"PropertyValueSpecification","valueRequired":true,"valueName":"search_term_string"}}],"inLanguage":"de"},{"@type":"Organization","@id":"https:\/\/fanprojekt-oldenburg.de\/#organization","name":"Fanprojekt Oldenburg","url":"https:\/\/fanprojekt-oldenburg.de\/","logo":{"@type":"ImageObject","inLanguage":"de","@id":"https:\/\/fanprojekt-oldenburg.de\/#\/schema\/logo\/image\/","url":"https:\/\/fanprojekt-oldenburg.de\/wp-content\/uploads\/2020\/09\/apple-touch-icon.png","contentUrl":"https:\/\/fanprojekt-oldenburg.de\/wp-content\/uploads\/2020\/09\/apple-touch-icon.png","width":512,"height":512,"caption":"Fanprojekt Oldenburg"},"image":{"@id":"https:\/\/fanprojekt-oldenburg.de\/#\/schema\/logo\/image\/"},"sameAs":["https:\/\/www.instagram.com\/fanprojekt_oldenburg\/"]}]}},"_links":{"self":[{"href":"https:\/\/fanprojekt-oldenburg.de\/index.php?rest_route=\/wp\/v2\/pages\/551","targetHints":{"allow":["GET"]}}],"collection":[{"href":"https:\/\/fanprojekt-oldenburg.de\/index.php?rest_route=\/wp\/v2\/pages"}],"about":[{"href":"https:\/\/fanprojekt-oldenburg.de\/index.php?rest_route=\/wp\/v2\/types\/page"}],"author":[{"embeddable":true,"href":"https:\/\/fanprojekt-oldenburg.de\/index.php?rest_route=\/wp\/v2\/users\/1"}],"replies":[{"embeddable":true,"href":"https:\/\/fanprojekt-oldenburg.de\/index.php?rest_route=%2Fwp%2Fv2%2Fcomments&post=551"}],"version-history":[{"count":54,"href":"https:\/\/fanprojekt-oldenburg.de\/index.php?rest_route=\/wp\/v2\/pages\/551\/revisions"}],"predecessor-version":[{"id":4195,"href":"https:\/\/fanprojekt-oldenburg.de\/index.php?rest_route=\/wp\/v2\/pages\/551\/revisions\/4195"}],"wp:attachment":[{"href":"https:\/\/fanprojekt-oldenburg.de\/index.php?rest_route=%2Fwp%2Fv2%2Fmedia&parent=551"}],"curies":[{"name":"wp","href":"https:\/\/api.w.org\/{rel}","templated":true}]}}