{"id":547,"date":"2020-04-09T08:55:39","date_gmt":"2020-04-09T06:55:39","guid":{"rendered":"https:\/\/fanprojekt-oldenburg.de\/?page_id=547"},"modified":"2023-11-23T15:14:07","modified_gmt":"2023-11-23T14:14:07","slug":"konzept","status":"publish","type":"page","link":"https:\/\/fanprojekt-oldenburg.de\/?page_id=547","title":{"rendered":"Konzept"},"content":{"rendered":"\t\t<div data-elementor-type=\"wp-page\" data-elementor-id=\"547\" class=\"elementor elementor-547\" data-elementor-post-type=\"page\">\n\t\t\t\t\t\t<section class=\"elementor-section elementor-top-section elementor-element elementor-element-86728cd elementor-section-boxed elementor-section-height-default elementor-section-height-default\" data-id=\"86728cd\" data-element_type=\"section\" data-e-type=\"section\">\n\t\t\t\t\t\t<div class=\"elementor-container elementor-column-gap-default\">\n\t\t\t\t\t<div data-dce-background-color=\"#ED651B\" class=\"elementor-column elementor-col-50 elementor-top-column elementor-element elementor-element-4b8dfc2\" data-id=\"4b8dfc2\" data-element_type=\"column\" data-e-type=\"column\" data-settings=\"{&quot;background_background&quot;:&quot;classic&quot;}\">\n\t\t\t<div class=\"elementor-widget-wrap elementor-element-populated\">\n\t\t\t\t\t\t<div data-dce-title-color=\"#FFFFFF\" class=\"elementor-element elementor-element-6e6fa65 elementor-widget elementor-widget-heading\" data-id=\"6e6fa65\" data-element_type=\"widget\" data-e-type=\"widget\" data-widget_type=\"heading.default\">\n\t\t\t\t<div class=\"elementor-widget-container\">\n\t\t\t\t\t<h2 class=\"elementor-heading-title elementor-size-default\">Grundlage<\/h2>\t\t\t\t<\/div>\n\t\t\t\t<\/div>\n\t\t\t\t\t<\/div>\n\t\t<\/div>\n\t\t\t\t<div class=\"elementor-column elementor-col-50 elementor-top-column elementor-element elementor-element-0a6937e\" data-id=\"0a6937e\" data-element_type=\"column\" data-e-type=\"column\">\n\t\t\t<div class=\"elementor-widget-wrap\">\n\t\t\t\t\t\t\t<\/div>\n\t\t<\/div>\n\t\t\t\t\t<\/div>\n\t\t<\/section>\n\t\t\t\t<section class=\"elementor-section elementor-top-section elementor-element elementor-element-1d51b5f elementor-section-boxed elementor-section-height-default elementor-section-height-default\" data-id=\"1d51b5f\" data-element_type=\"section\" data-e-type=\"section\">\n\t\t\t\t\t\t<div class=\"elementor-container elementor-column-gap-default\">\n\t\t\t\t\t<div data-dce-background-color=\"#FFFFFF\" class=\"elementor-column elementor-col-100 elementor-top-column elementor-element elementor-element-086957e\" data-id=\"086957e\" data-element_type=\"column\" data-e-type=\"column\" data-settings=\"{&quot;background_background&quot;:&quot;classic&quot;}\">\n\t\t\t<div class=\"elementor-widget-wrap elementor-element-populated\">\n\t\t\t\t\t\t<div class=\"elementor-element elementor-element-d93fdd9 elementor-widget elementor-widget-text-editor\" data-id=\"d93fdd9\" data-element_type=\"widget\" data-e-type=\"widget\" data-widget_type=\"text-editor.default\">\n\t\t\t\t<div class=\"elementor-widget-container\">\n\t\t\t\t\t\t\t\t\t<p>Das Fanprojekt Oldenburg ist ein sozialp\u00e4dagogisches Angebot der Jugendhilfe f\u00fcr den Oldenburger Raum und stellt eine besondere Form der Jugend- und Sozialarbeit dar.\u00a0<\/p><p>Es arbeitet unabh\u00e4ngig von dem Bezugsverein VfB Oldenburg, den Verb\u00e4nden, der Fanszene und den Sicherheitsorganen rund um den Spieltag. Zudem zeichnet es sich durch einen szenenahen und sozialp\u00e4dagogischen Zugang zu den aktiven Fanszenen und der Lebenswelt der Fans aus.<\/p><p>Durch die Tr\u00e4gerschaft bei der Stadt Oldenburg ist es eng mit den vorhandenen kommunalen Jugendhilfestrukturen in Oldenburg vernetzt.\u00a0<\/p><p>Die Grundlage der Arbeit des Fanprojekts bilden das Nationale Konzept Sport und Sicherheit (NKSS) und das SGB VIII. Dort stellen vor allem die Jugendarbeit (\u00a711 SGB VIII) und die Jugendsozialarbeit (\u00a713 SGB VIII) die rechtliche Arbeitsgrundlage dar.\u00a0<\/p>\t\t\t\t\t\t\t\t<\/div>\n\t\t\t\t<\/div>\n\t\t\t\t\t<\/div>\n\t\t<\/div>\n\t\t\t\t\t<\/div>\n\t\t<\/section>\n\t\t\t\t<section class=\"elementor-section elementor-top-section elementor-element elementor-element-25e3312 elementor-section-boxed elementor-section-height-default elementor-section-height-default\" data-id=\"25e3312\" data-element_type=\"section\" data-e-type=\"section\">\n\t\t\t\t\t\t<div class=\"elementor-container elementor-column-gap-default\">\n\t\t\t\t\t<div class=\"elementor-column elementor-col-50 elementor-top-column elementor-element elementor-element-00acd31\" data-id=\"00acd31\" data-element_type=\"column\" data-e-type=\"column\" data-settings=\"{&quot;background_background&quot;:&quot;classic&quot;}\">\n\t\t\t<div class=\"elementor-widget-wrap\">\n\t\t\t\t\t\t\t<\/div>\n\t\t<\/div>\n\t\t\t\t<div data-dce-background-color=\"#001389\" class=\"elementor-column elementor-col-50 elementor-top-column elementor-element elementor-element-19189cb\" data-id=\"19189cb\" data-element_type=\"column\" data-e-type=\"column\" data-settings=\"{&quot;background_background&quot;:&quot;classic&quot;}\">\n\t\t\t<div class=\"elementor-widget-wrap elementor-element-populated\">\n\t\t\t\t\t\t<div data-dce-title-color=\"#FFFFFF\" class=\"elementor-element elementor-element-411de4c elementor-widget elementor-widget-heading\" data-id=\"411de4c\" data-element_type=\"widget\" data-e-type=\"widget\" data-widget_type=\"heading.default\">\n\t\t\t\t<div class=\"elementor-widget-container\">\n\t\t\t\t\t<h2 class=\"elementor-heading-title elementor-size-default\">Zielgruppe<\/h2>\t\t\t\t<\/div>\n\t\t\t\t<\/div>\n\t\t\t\t\t<\/div>\n\t\t<\/div>\n\t\t\t\t\t<\/div>\n\t\t<\/section>\n\t\t\t\t<section class=\"elementor-section elementor-top-section elementor-element elementor-element-b3c8870 elementor-section-boxed elementor-section-height-default elementor-section-height-default\" data-id=\"b3c8870\" data-element_type=\"section\" data-e-type=\"section\">\n\t\t\t\t\t\t<div class=\"elementor-container elementor-column-gap-default\">\n\t\t\t\t\t<div data-dce-background-color=\"#FFFFFF\" class=\"elementor-column elementor-col-100 elementor-top-column elementor-element elementor-element-6d7cea1\" data-id=\"6d7cea1\" data-element_type=\"column\" data-e-type=\"column\" data-settings=\"{&quot;background_background&quot;:&quot;classic&quot;}\">\n\t\t\t<div class=\"elementor-widget-wrap elementor-element-populated\">\n\t\t\t\t\t\t<div class=\"elementor-element elementor-element-65fd2b7 elementor-widget elementor-widget-text-editor\" data-id=\"65fd2b7\" data-element_type=\"widget\" data-e-type=\"widget\" data-widget_type=\"text-editor.default\">\n\t\t\t\t<div class=\"elementor-widget-container\">\n\t\t\t\t\t\t\t\t\t<p>Das Fanprojekt Oldenburg wendet sich an alle Fu\u00dfballfans und aktiven Fanszenen in Oldenburg zwischen 12 und 27 Jahren, unabh\u00e4ngig von Geschlecht, sozialer Herkunft und Vereinszugeh\u00f6rigkeit.<\/p><p>Derzeit ist die Fanszene des VfB Oldenburg diejenige, welche sich durch eine Vielschichtigkeit auszeichnet und quantitativ stark ausgepr\u00e4gt ist, sodass der VfB Oldenburg als Bezugsverein zu benennen ist. Gleichwohl wendet sich das Fanprojekt bedarfsorientiert weiteren Fu\u00dfballfans zu.<\/p>\t\t\t\t\t\t\t\t<\/div>\n\t\t\t\t<\/div>\n\t\t\t\t\t<\/div>\n\t\t<\/div>\n\t\t\t\t\t<\/div>\n\t\t<\/section>\n\t\t\t\t<section class=\"elementor-section elementor-top-section elementor-element elementor-element-6f3c65a elementor-section-boxed elementor-section-height-default elementor-section-height-default\" data-id=\"6f3c65a\" data-element_type=\"section\" data-e-type=\"section\">\n\t\t\t\t\t\t<div class=\"elementor-container elementor-column-gap-default\">\n\t\t\t\t\t<div data-dce-background-color=\"#ED651B\" class=\"elementor-column elementor-col-50 elementor-top-column elementor-element elementor-element-9ec76e8\" data-id=\"9ec76e8\" data-element_type=\"column\" data-e-type=\"column\" data-settings=\"{&quot;background_background&quot;:&quot;classic&quot;}\">\n\t\t\t<div class=\"elementor-widget-wrap elementor-element-populated\">\n\t\t\t\t\t\t<div data-dce-title-color=\"#FFFFFF\" class=\"elementor-element elementor-element-2caf3db elementor-widget elementor-widget-heading\" data-id=\"2caf3db\" data-element_type=\"widget\" data-e-type=\"widget\" data-widget_type=\"heading.default\">\n\t\t\t\t<div class=\"elementor-widget-container\">\n\t\t\t\t\t<h2 class=\"elementor-heading-title elementor-size-default\">Ziele...<\/h2>\t\t\t\t<\/div>\n\t\t\t\t<\/div>\n\t\t\t\t\t<\/div>\n\t\t<\/div>\n\t\t\t\t<div class=\"elementor-column elementor-col-50 elementor-top-column elementor-element elementor-element-dd21f8d\" data-id=\"dd21f8d\" data-element_type=\"column\" data-e-type=\"column\">\n\t\t\t<div class=\"elementor-widget-wrap\">\n\t\t\t\t\t\t\t<\/div>\n\t\t<\/div>\n\t\t\t\t\t<\/div>\n\t\t<\/section>\n\t\t\t\t<section class=\"elementor-section elementor-top-section elementor-element elementor-element-6772922 elementor-section-boxed elementor-section-height-default elementor-section-height-default\" data-id=\"6772922\" data-element_type=\"section\" data-e-type=\"section\">\n\t\t\t\t\t\t<div class=\"elementor-container elementor-column-gap-default\">\n\t\t\t\t\t<div data-dce-background-color=\"#FFFFFF\" class=\"elementor-column elementor-col-100 elementor-top-column elementor-element elementor-element-fe95e77\" data-id=\"fe95e77\" data-element_type=\"column\" data-e-type=\"column\" data-settings=\"{&quot;background_background&quot;:&quot;classic&quot;}\">\n\t\t\t<div class=\"elementor-widget-wrap elementor-element-populated\">\n\t\t\t\t\t\t<div class=\"elementor-element elementor-element-743555d elementor-widget elementor-widget-text-editor\" data-id=\"743555d\" data-element_type=\"widget\" data-e-type=\"widget\" data-widget_type=\"text-editor.default\">\n\t\t\t\t<div class=\"elementor-widget-container\">\n\t\t\t\t\t\t\t\t\t<p>Allgemein m\u00f6chte das Fanprojekt Oldenburg bei seiner Arbeit junge Fans dabei unterst\u00fctzen, ihre Identit\u00e4t selbstst\u00e4ndig auszubilden und ihren eigenen Weg in der Gesellschaft zu finden, denn es versteht sich als Schnittstelle zwischen jugendlichen und erwachsenen Lebenswelten.&nbsp;<\/p>\n<p>Die Arbeit des Fanprojektes basiert auf einem durch intensive <strong>Beziehungsarbeit<\/strong> aufgebauten Vertrauensverh\u00e4ltnis zu den Fans und ist auf deren nachhaltige Begleitung angelegt. Die Mitarbeitenden des Fanprojekts sind bestrebt, jungen Menschen bei der Bew\u00e4ltigung ihrer Schwierigkeiten zu helfen und sie vor abweichendem Verhalten zu bewahren. Einem Abgleiten in Problemgruppen kann so entgegengewirkt werden.<\/p>\n<p>Daher soll bei den zur Verf\u00fcgung gestellten p\u00e4dagogischen und kulturellen Angeboten, Aktionen und Veranstaltungen sowie bei der Spieltagsbegleitung <span style=\"text-decoration: underline;\">folgendes aktiv gef\u00f6rdert<\/span> und von den Mitarbeitern unterst\u00fctzt werden:<\/p>\n<ul>\n<li><span style=\"font-family: var( --e-global-typography-text-font-family ), Sans-serif; font-weight: var( --e-global-typography-text-font-weight );\">Pers\u00f6nlichkeitsentwicklung<\/span><\/li>\n<li><span style=\"font-family: var( --e-global-typography-text-font-family ), Sans-serif; font-weight: var( --e-global-typography-text-font-weight );\">Erweiterung pers\u00f6nlicher Kompetenzen<\/span><\/li>\n<li><span style=\"font-family: var( --e-global-typography-text-font-family ), Sans-serif; font-weight: var( --e-global-typography-text-font-weight );\">Toleranz und Vielfalt<\/span><\/li>\n<li><span style=\"font-family: var( --e-global-typography-text-font-family ), Sans-serif; font-weight: var( --e-global-typography-text-font-weight );\">Abbau von<\/span>&nbsp;Diskriminierung jeglicher Art&nbsp;<\/li>\n<li>Sucht- und Gewaltpr\u00e4vention<\/li>\n<li><span style=\"font-family: var( --e-global-typography-text-font-family ), Sans-serif; font-weight: var( --e-global-typography-text-font-weight );\">Konfliktl\u00f6sungskompetenzen<\/span><\/li>\n<\/ul>\n<p>Letzteres leiten sich die Mitarbeitenden<span style=\"color: var( --e-global-color-secondary ); font-family: var( --e-global-typography-text-font-family ), Sans-serif; font-weight: var( --e-global-typography-text-font-weight );\">&nbsp;des Fanprojekts vor allem aus der gesamtgesellschaftlichen Verantwortung ihrer Arbeit ab. Konflikte sollen m\u00f6glichst gewaltfrei ausgetragen und reflektiert werden. Die Fans dabei vor und nach den Spieltagen zu unterst\u00fctzen geh\u00f6rt bereits zu einer Aufgabe von vielen, die die Fanprojektmitarbeitenden in ihrer Arbeit wahrnehmen.<\/span><\/p>\t\t\t\t\t\t\t\t<\/div>\n\t\t\t\t<\/div>\n\t\t\t\t\t<\/div>\n\t\t<\/div>\n\t\t\t\t\t<\/div>\n\t\t<\/section>\n\t\t\t\t<section class=\"elementor-section elementor-top-section elementor-element elementor-element-2e9b0d6 elementor-section-boxed elementor-section-height-default elementor-section-height-default\" data-id=\"2e9b0d6\" data-element_type=\"section\" data-e-type=\"section\">\n\t\t\t\t\t\t<div class=\"elementor-container elementor-column-gap-default\">\n\t\t\t\t\t<div class=\"elementor-column elementor-col-50 elementor-top-column elementor-element elementor-element-e8dd830\" data-id=\"e8dd830\" data-element_type=\"column\" data-e-type=\"column\">\n\t\t\t<div class=\"elementor-widget-wrap\">\n\t\t\t\t\t\t\t<\/div>\n\t\t<\/div>\n\t\t\t\t<div class=\"elementor-column elementor-col-50 elementor-top-column elementor-element elementor-element-0e574f5\" data-id=\"0e574f5\" data-element_type=\"column\" data-e-type=\"column\" data-settings=\"{&quot;background_background&quot;:&quot;classic&quot;}\">\n\t\t\t<div class=\"elementor-widget-wrap elementor-element-populated\">\n\t\t\t\t\t\t<div data-dce-title-color=\"#FFFFFF\" class=\"elementor-element elementor-element-532eb1f elementor-widget elementor-widget-heading\" data-id=\"532eb1f\" data-element_type=\"widget\" data-e-type=\"widget\" data-widget_type=\"heading.default\">\n\t\t\t\t<div class=\"elementor-widget-container\">\n\t\t\t\t\t<h2 class=\"elementor-heading-title elementor-size-default\">... und Aufgaben<\/h2>\t\t\t\t<\/div>\n\t\t\t\t<\/div>\n\t\t\t\t\t<\/div>\n\t\t<\/div>\n\t\t\t\t\t<\/div>\n\t\t<\/section>\n\t\t\t\t<section class=\"elementor-section elementor-top-section elementor-element elementor-element-d239475 elementor-section-boxed elementor-section-height-default elementor-section-height-default\" data-id=\"d239475\" data-element_type=\"section\" data-e-type=\"section\">\n\t\t\t\t\t\t<div class=\"elementor-container elementor-column-gap-default\">\n\t\t\t\t\t<div data-dce-background-color=\"#FFFFFF\" class=\"elementor-column elementor-col-100 elementor-top-column elementor-element elementor-element-90e7a83\" data-id=\"90e7a83\" data-element_type=\"column\" data-e-type=\"column\" data-settings=\"{&quot;background_background&quot;:&quot;classic&quot;}\">\n\t\t\t<div class=\"elementor-widget-wrap elementor-element-populated\">\n\t\t\t\t\t\t<div class=\"elementor-element elementor-element-c4a18b0 elementor-widget elementor-widget-text-editor\" data-id=\"c4a18b0\" data-element_type=\"widget\" data-e-type=\"widget\" data-widget_type=\"text-editor.default\">\n\t\t\t\t<div class=\"elementor-widget-container\">\n\t\t\t\t\t\t\t\t\t<p>Weitere, sich aus den Zielen ergebende <strong>Aufgaben<\/strong> sind folgende:<\/p><ul><li>Teilnahme an der Lebenswelt der Fu\u00dfballfans<\/li><li>Organisation von Jugendbegegnungen und Schaffung von Freizeitangeboten<\/li><li>Bildungsarbeit und kulturp\u00e4dagogische Arbeit<\/li><li>Unterst\u00fctzung von Fu\u00dfballanh\u00e4ngern bei der Selbstorganisation (ehrenamtliches Engagement)<\/li><li>Gewaltpr\u00e4vention und Ma\u00dfnahmen\/Aktionen gegen Gewalt beim Fu\u00dfball<\/li><li>Information und Aufkl\u00e4rung \u00fcber Regeln und Richtlinien bei Fu\u00dfballspielen<\/li><li>Personen- und gruppenbezogene p\u00e4dagogische Angebote zur Gewaltpr\u00e4vention f\u00fcr Risikogruppen<\/li><li>Abbau extremer Orientierungen (Rassismus, Sexismus, Homophobie, Fremdenfeindlichkeit)<\/li><li>Suchtpr\u00e4vention<\/li><li>Beratung und Kurzintervention<\/li><li>\u00d6ffentlichkeits- und Netzwerkarbeit<\/li><\/ul><p>Au\u00dferdem nimmt das Fanprojekt im durchaus politischen Thema \u201eFu\u00dfball und Fankultur\u201c eine konsequent antidiskriminierende Haltung ein. Das bedeutet, dass Rassismus, Sexismus, Homophobie und Antisemitismus im Generellen abgelehnt werden, sowohl im Stadion, als auch dar\u00fcber hinaus. Auch hier werden entsprechende Vorf\u00e4lle gemeinsam mit den jungen Menschen reflektiert und gegebenenfalls nachbereitet.\u00a0<\/p>\t\t\t\t\t\t\t\t<\/div>\n\t\t\t\t<\/div>\n\t\t\t\t\t<\/div>\n\t\t<\/div>\n\t\t\t\t\t<\/div>\n\t\t<\/section>\n\t\t\t\t<\/div>\n\t\t","protected":false},"excerpt":{"rendered":"<p>Grundlage Das Fanprojekt Oldenburg ist ein sozialp\u00e4dagogisches Angebot der Jugendhilfe f\u00fcr den Oldenburger Raum und stellt eine besondere Form der Jugend- und Sozialarbeit dar.\u00a0 Es arbeitet unabh\u00e4ngig von dem Bezugsverein VfB Oldenburg, den Verb\u00e4nden, der Fanszene und den Sicherheitsorganen rund um den Spieltag. Zudem zeichnet es sich durch einen szenenahen und sozialp\u00e4dagogischen Zugang zu den [&hellip;]<\/p>\n","protected":false},"author":1,"featured_media":0,"parent":0,"menu_order":0,"comment_status":"closed","ping_status":"closed","template":"","meta":{"_acf_changed":false,"footnotes":""},"class_list":["post-547","page","type-page","status-publish","hentry"],"acf":[],"yoast_head":"<!-- This site is optimized with the Yoast SEO plugin v27.4 - https:\/\/yoast.com\/product\/yoast-seo-wordpress\/ -->\n<title>Konzept &#8212; Fanprojekt Oldenburg<\/title>\n<meta name=\"robots\" content=\"index, follow, max-snippet:-1, max-image-preview:large, max-video-preview:-1\" \/>\n<link rel=\"canonical\" href=\"https:\/\/fanprojekt-oldenburg.de\/?page_id=547\" \/>\n<meta property=\"og:locale\" content=\"de_DE\" \/>\n<meta property=\"og:type\" content=\"article\" \/>\n<meta property=\"og:title\" content=\"Konzept &#8212; Fanprojekt Oldenburg\" \/>\n<meta property=\"og:description\" content=\"Grundlage Das Fanprojekt Oldenburg ist ein sozialp\u00e4dagogisches Angebot der Jugendhilfe f\u00fcr den Oldenburger Raum und stellt eine besondere Form der Jugend- und Sozialarbeit dar.\u00a0 Es arbeitet unabh\u00e4ngig von dem Bezugsverein VfB Oldenburg, den Verb\u00e4nden, der Fanszene und den Sicherheitsorganen rund um den Spieltag. Zudem zeichnet es sich durch einen szenenahen und sozialp\u00e4dagogischen Zugang zu den [&hellip;]\" \/>\n<meta property=\"og:url\" content=\"https:\/\/fanprojekt-oldenburg.de\/?page_id=547\" \/>\n<meta property=\"og:site_name\" content=\"Fanprojekt Oldenburg\" \/>\n<meta property=\"article:modified_time\" content=\"2023-11-23T14:14:07+00:00\" \/>\n<meta name=\"twitter:card\" content=\"summary_large_image\" \/>\n<meta name=\"twitter:label1\" content=\"Gesch\u00e4tzte Lesezeit\" \/>\n\t<meta name=\"twitter:data1\" content=\"3\u00a0Minuten\" \/>\n<script type=\"application\/ld+json\" class=\"yoast-schema-graph\">{\"@context\":\"https:\\\/\\\/schema.org\",\"@graph\":[{\"@type\":\"WebPage\",\"@id\":\"https:\\\/\\\/fanprojekt-oldenburg.de\\\/?page_id=547\",\"url\":\"https:\\\/\\\/fanprojekt-oldenburg.de\\\/?page_id=547\",\"name\":\"Konzept &#8212; Fanprojekt Oldenburg\",\"isPartOf\":{\"@id\":\"https:\\\/\\\/fanprojekt-oldenburg.de\\\/#website\"},\"datePublished\":\"2020-04-09T06:55:39+00:00\",\"dateModified\":\"2023-11-23T14:14:07+00:00\",\"breadcrumb\":{\"@id\":\"https:\\\/\\\/fanprojekt-oldenburg.de\\\/?page_id=547#breadcrumb\"},\"inLanguage\":\"de\",\"potentialAction\":[{\"@type\":\"ReadAction\",\"target\":[\"https:\\\/\\\/fanprojekt-oldenburg.de\\\/?page_id=547\"]}]},{\"@type\":\"BreadcrumbList\",\"@id\":\"https:\\\/\\\/fanprojekt-oldenburg.de\\\/?page_id=547#breadcrumb\",\"itemListElement\":[{\"@type\":\"ListItem\",\"position\":1,\"name\":\"Startseite\",\"item\":\"https:\\\/\\\/fanprojekt-oldenburg.de\\\/\"},{\"@type\":\"ListItem\",\"position\":2,\"name\":\"Konzept\"}]},{\"@type\":\"WebSite\",\"@id\":\"https:\\\/\\\/fanprojekt-oldenburg.de\\\/#website\",\"url\":\"https:\\\/\\\/fanprojekt-oldenburg.de\\\/\",\"name\":\"Fanprojekt Oldenburg\",\"description\":\"Soziale Arbeit mit Fu\u00dfballfans in Oldenburg\",\"publisher\":{\"@id\":\"https:\\\/\\\/fanprojekt-oldenburg.de\\\/#organization\"},\"potentialAction\":[{\"@type\":\"SearchAction\",\"target\":{\"@type\":\"EntryPoint\",\"urlTemplate\":\"https:\\\/\\\/fanprojekt-oldenburg.de\\\/?s={search_term_string}\"},\"query-input\":{\"@type\":\"PropertyValueSpecification\",\"valueRequired\":true,\"valueName\":\"search_term_string\"}}],\"inLanguage\":\"de\"},{\"@type\":\"Organization\",\"@id\":\"https:\\\/\\\/fanprojekt-oldenburg.de\\\/#organization\",\"name\":\"Fanprojekt Oldenburg\",\"url\":\"https:\\\/\\\/fanprojekt-oldenburg.de\\\/\",\"logo\":{\"@type\":\"ImageObject\",\"inLanguage\":\"de\",\"@id\":\"https:\\\/\\\/fanprojekt-oldenburg.de\\\/#\\\/schema\\\/logo\\\/image\\\/\",\"url\":\"https:\\\/\\\/fanprojekt-oldenburg.de\\\/wp-content\\\/uploads\\\/2020\\\/09\\\/apple-touch-icon.png\",\"contentUrl\":\"https:\\\/\\\/fanprojekt-oldenburg.de\\\/wp-content\\\/uploads\\\/2020\\\/09\\\/apple-touch-icon.png\",\"width\":512,\"height\":512,\"caption\":\"Fanprojekt Oldenburg\"},\"image\":{\"@id\":\"https:\\\/\\\/fanprojekt-oldenburg.de\\\/#\\\/schema\\\/logo\\\/image\\\/\"},\"sameAs\":[\"https:\\\/\\\/www.instagram.com\\\/fanprojekt_oldenburg\\\/\"]}]}<\/script>\n<!-- \/ Yoast SEO plugin. -->","yoast_head_json":{"title":"Konzept &#8212; Fanprojekt Oldenburg","robots":{"index":"index","follow":"follow","max-snippet":"max-snippet:-1","max-image-preview":"max-image-preview:large","max-video-preview":"max-video-preview:-1"},"canonical":"https:\/\/fanprojekt-oldenburg.de\/?page_id=547","og_locale":"de_DE","og_type":"article","og_title":"Konzept &#8212; Fanprojekt Oldenburg","og_description":"Grundlage Das Fanprojekt Oldenburg ist ein sozialp\u00e4dagogisches Angebot der Jugendhilfe f\u00fcr den Oldenburger Raum und stellt eine besondere Form der Jugend- und Sozialarbeit dar.\u00a0 Es arbeitet unabh\u00e4ngig von dem Bezugsverein VfB Oldenburg, den Verb\u00e4nden, der Fanszene und den Sicherheitsorganen rund um den Spieltag. Zudem zeichnet es sich durch einen szenenahen und sozialp\u00e4dagogischen Zugang zu den [&hellip;]","og_url":"https:\/\/fanprojekt-oldenburg.de\/?page_id=547","og_site_name":"Fanprojekt Oldenburg","article_modified_time":"2023-11-23T14:14:07+00:00","twitter_card":"summary_large_image","twitter_misc":{"Gesch\u00e4tzte Lesezeit":"3\u00a0Minuten"},"schema":{"@context":"https:\/\/schema.org","@graph":[{"@type":"WebPage","@id":"https:\/\/fanprojekt-oldenburg.de\/?page_id=547","url":"https:\/\/fanprojekt-oldenburg.de\/?page_id=547","name":"Konzept &#8212; Fanprojekt Oldenburg","isPartOf":{"@id":"https:\/\/fanprojekt-oldenburg.de\/#website"},"datePublished":"2020-04-09T06:55:39+00:00","dateModified":"2023-11-23T14:14:07+00:00","breadcrumb":{"@id":"https:\/\/fanprojekt-oldenburg.de\/?page_id=547#breadcrumb"},"inLanguage":"de","potentialAction":[{"@type":"ReadAction","target":["https:\/\/fanprojekt-oldenburg.de\/?page_id=547"]}]},{"@type":"BreadcrumbList","@id":"https:\/\/fanprojekt-oldenburg.de\/?page_id=547#breadcrumb","itemListElement":[{"@type":"ListItem","position":1,"name":"Startseite","item":"https:\/\/fanprojekt-oldenburg.de\/"},{"@type":"ListItem","position":2,"name":"Konzept"}]},{"@type":"WebSite","@id":"https:\/\/fanprojekt-oldenburg.de\/#website","url":"https:\/\/fanprojekt-oldenburg.de\/","name":"Fanprojekt Oldenburg","description":"Soziale Arbeit mit Fu\u00dfballfans in Oldenburg","publisher":{"@id":"https:\/\/fanprojekt-oldenburg.de\/#organization"},"potentialAction":[{"@type":"SearchAction","target":{"@type":"EntryPoint","urlTemplate":"https:\/\/fanprojekt-oldenburg.de\/?s={search_term_string}"},"query-input":{"@type":"PropertyValueSpecification","valueRequired":true,"valueName":"search_term_string"}}],"inLanguage":"de"},{"@type":"Organization","@id":"https:\/\/fanprojekt-oldenburg.de\/#organization","name":"Fanprojekt Oldenburg","url":"https:\/\/fanprojekt-oldenburg.de\/","logo":{"@type":"ImageObject","inLanguage":"de","@id":"https:\/\/fanprojekt-oldenburg.de\/#\/schema\/logo\/image\/","url":"https:\/\/fanprojekt-oldenburg.de\/wp-content\/uploads\/2020\/09\/apple-touch-icon.png","contentUrl":"https:\/\/fanprojekt-oldenburg.de\/wp-content\/uploads\/2020\/09\/apple-touch-icon.png","width":512,"height":512,"caption":"Fanprojekt Oldenburg"},"image":{"@id":"https:\/\/fanprojekt-oldenburg.de\/#\/schema\/logo\/image\/"},"sameAs":["https:\/\/www.instagram.com\/fanprojekt_oldenburg\/"]}]}},"_links":{"self":[{"href":"https:\/\/fanprojekt-oldenburg.de\/index.php?rest_route=\/wp\/v2\/pages\/547","targetHints":{"allow":["GET"]}}],"collection":[{"href":"https:\/\/fanprojekt-oldenburg.de\/index.php?rest_route=\/wp\/v2\/pages"}],"about":[{"href":"https:\/\/fanprojekt-oldenburg.de\/index.php?rest_route=\/wp\/v2\/types\/page"}],"author":[{"embeddable":true,"href":"https:\/\/fanprojekt-oldenburg.de\/index.php?rest_route=\/wp\/v2\/users\/1"}],"replies":[{"embeddable":true,"href":"https:\/\/fanprojekt-oldenburg.de\/index.php?rest_route=%2Fwp%2Fv2%2Fcomments&post=547"}],"version-history":[{"count":47,"href":"https:\/\/fanprojekt-oldenburg.de\/index.php?rest_route=\/wp\/v2\/pages\/547\/revisions"}],"predecessor-version":[{"id":2994,"href":"https:\/\/fanprojekt-oldenburg.de\/index.php?rest_route=\/wp\/v2\/pages\/547\/revisions\/2994"}],"wp:attachment":[{"href":"https:\/\/fanprojekt-oldenburg.de\/index.php?rest_route=%2Fwp%2Fv2%2Fmedia&parent=547"}],"curies":[{"name":"wp","href":"https:\/\/api.w.org\/{rel}","templated":true}]}}